{"id":956,"date":"2020-01-11T13:02:28","date_gmt":"2020-01-11T12:02:28","guid":{"rendered":"http:\/\/teamll-groenland.de\/?page_id=956"},"modified":"2025-11-11T00:46:37","modified_gmt":"2025-11-10T23:46:37","slug":"kamtschatka-erlebnisse-begegnungen-auf-touren-ski","status":"publish","type":"page","link":"https:\/\/teamll-groenland.de\/?page_id=956","title":{"rendered":"Kamtschatka \u2013 Erlebnisse &#038; Begegnungen auf Touren-Ski"},"content":{"rendered":"\nngg_shortcode_0_placeholder\n\n\n\n<p>Kamtschatka \u2013 eine wilde Halbinsel, gepr\u00e4gt von aktiven Vulkanen und einer einzigartigen Natur.<br>Nachdem es uns bereits im Sommer 2009 mit dem Fahrrad in diesen entlegene Gegend Russlands verschlagen hat und diese uns in ihren Bann gezogen hat, haben wir versprochen, dass wir wiederkommen &#8211; im Winter!<br>Im April 2019 (da ist in Kamtschatka immer noch Winter) war es dann endlich soweit, wir packten unsere Rucks\u00e4cke und Tourenski, um zusammen mit sechs Freunden die Vulkane zu ersteigen und hinab zu schwingen.<br>Auf eigene Faust haben wir die wundersch\u00f6ne Landschaft erkundet und durften dabei unvergessliche Eindr\u00fccke der Naturgewalten und der unendlichen Weite gewinnen.<br>Bei Temperaturen unter -20 Grad mussten wir uns in den russischen &#8222;Bergh\u00fctten&#8220; ohne Isomatte aneinander kuscheln, doch beim Kochen am Lagerfeuer und in den hei\u00dfen Quellen mit Blick auf die Vulkane wurde uns wieder warm.<br>Ein unvergessliches Erlebnis war auch das Wiedersehen mit unseren russischen Freuden in Petropavlowsk &#8211; wir sitzen zu elft an dem kleinen K\u00fcchentisch in der Neubauwohnung und Soja verk\u00f6stigt uns. Und nat\u00fcrlich wurde auch das ein oder andere Gl\u00e4schen auf unsere Freundschaft geleert \u2026<\/p>\n","protected":false},"excerpt":{"rendered":"<p>Kamtschatka \u2013 eine wilde Halbinsel, gepr\u00e4gt von aktiven Vulkanen und einer einzigartigen Natur.Nachdem es uns bereits im Sommer 2009 mit dem Fahrrad in diesen entlegene Gegend Russlands verschlagen hat und diese uns in ihren Bann gezogen hat, haben wir versprochen, &hellip; <a href=\"https:\/\/teamll-groenland.de\/?page_id=956\">Weiterlesen <span class=\"meta-nav\">&rarr;<\/span><\/a><\/p>\n","protected":false},"author":1,"featured_media":0,"parent":22,"menu_order":0,"comment_status":"closed","ping_status":"closed","template":"","meta":{"ngg_post_thumbnail":0,"footnotes":""},"class_list":["post-956","page","type-page","status-publish","hentry"],"_links":{"self":[{"href":"https:\/\/teamll-groenland.de\/index.php?rest_route=\/wp\/v2\/pages\/956","targetHints":{"allow":["GET"]}}],"collection":[{"href":"https:\/\/teamll-groenland.de\/index.php?rest_route=\/wp\/v2\/pages"}],"about":[{"href":"https:\/\/teamll-groenland.de\/index.php?rest_route=\/wp\/v2\/types\/page"}],"author":[{"embeddable":true,"href":"https:\/\/teamll-groenland.de\/index.php?rest_route=\/wp\/v2\/users\/1"}],"replies":[{"embeddable":true,"href":"https:\/\/teamll-groenland.de\/index.php?rest_route=%2Fwp%2Fv2%2Fcomments&post=956"}],"version-history":[{"count":10,"href":"https:\/\/teamll-groenland.de\/index.php?rest_route=\/wp\/v2\/pages\/956\/revisions"}],"predecessor-version":[{"id":1071,"href":"https:\/\/teamll-groenland.de\/index.php?rest_route=\/wp\/v2\/pages\/956\/revisions\/1071"}],"up":[{"embeddable":true,"href":"https:\/\/teamll-groenland.de\/index.php?rest_route=\/wp\/v2\/pages\/22"}],"wp:attachment":[{"href":"https:\/\/teamll-groenland.de\/index.php?rest_route=%2Fwp%2Fv2%2Fmedia&parent=956"}],"curies":[{"name":"wp","href":"https:\/\/api.w.org\/{rel}","templated":true}]}}