{"id":927,"date":"2018-12-09T14:36:38","date_gmt":"2018-12-09T13:36:38","guid":{"rendered":"http:\/\/teamll-groenland.de\/?page_id=927"},"modified":"2025-11-11T00:32:18","modified_gmt":"2025-11-10T23:32:18","slug":"matchaknoten-serafschan-auf-den-spuren-der-alten","status":"publish","type":"page","link":"https:\/\/teamll-groenland.de\/?page_id=927","title":{"rendered":"Bergsteigen im Serafschan &#8211; Auf den Spuren der Alten im Pamir"},"content":{"rendered":"<p><iframe loading=\"lazy\" title=\"Matchaknoten &quot;Serafschan&quot; - Auf den Spuren der Alten\" width=\"584\" height=\"329\" src=\"https:\/\/www.youtube.com\/embed\/hqhol4B7IyI?start=4&#038;feature=oembed\" frameborder=\"0\" allow=\"accelerometer; autoplay; clipboard-write; encrypted-media; gyroscope; picture-in-picture; web-share\" referrerpolicy=\"strict-origin-when-cross-origin\" allowfullscreen><\/iframe><\/p>\n<p>Im Sommer 2018 machten wir uns auf den Weg nach Tadschikistan in das Serafschan-Gebirge im Pamir \u2013 eine einsame und urspr\u00fcngliche Hochgebirgslandschaft, die unsere \u201eAlten\u201c bereits in den 1970er bis 80er Jahren erkundeten. In einer kleinen Expedition aus vier Freuden hatten wir uns eine Durchquerung des Serafschan \u00fcber den \u201eMatcha-Knoten\u201c und den Seraschan-Gletscher vorgenommen sowie die Besteigung von einem der unz\u00e4hligen \u00fcber 5000 m hohen Gipfel.<\/p>\n<p>Wir konnten eine beeindruckende Berglandschaft mit gewaltigen Gletschern, wilden Fl\u00fcssen, gr\u00fcnen T\u00e4lern und ihren herzlichen und gastfreundlichen Menschen erleben.<\/p>\n","protected":false},"excerpt":{"rendered":"<p>Im Sommer 2018 machten wir uns auf den Weg nach Tadschikistan in das Serafschan-Gebirge im Pamir \u2013 eine einsame und urspr\u00fcngliche Hochgebirgslandschaft, die unsere \u201eAlten\u201c bereits in den 1970er bis 80er Jahren erkundeten. In einer kleinen Expedition aus vier Freuden &hellip; <a href=\"https:\/\/teamll-groenland.de\/?page_id=927\">Weiterlesen <span class=\"meta-nav\">&rarr;<\/span><\/a><\/p>\n","protected":false},"author":1,"featured_media":0,"parent":22,"menu_order":0,"comment_status":"closed","ping_status":"closed","template":"","meta":{"ngg_post_thumbnail":0,"footnotes":""},"class_list":["post-927","page","type-page","status-publish","hentry"],"_links":{"self":[{"href":"https:\/\/teamll-groenland.de\/index.php?rest_route=\/wp\/v2\/pages\/927","targetHints":{"allow":["GET"]}}],"collection":[{"href":"https:\/\/teamll-groenland.de\/index.php?rest_route=\/wp\/v2\/pages"}],"about":[{"href":"https:\/\/teamll-groenland.de\/index.php?rest_route=\/wp\/v2\/types\/page"}],"author":[{"embeddable":true,"href":"https:\/\/teamll-groenland.de\/index.php?rest_route=\/wp\/v2\/users\/1"}],"replies":[{"embeddable":true,"href":"https:\/\/teamll-groenland.de\/index.php?rest_route=%2Fwp%2Fv2%2Fcomments&post=927"}],"version-history":[{"count":2,"href":"https:\/\/teamll-groenland.de\/index.php?rest_route=\/wp\/v2\/pages\/927\/revisions"}],"predecessor-version":[{"id":947,"href":"https:\/\/teamll-groenland.de\/index.php?rest_route=\/wp\/v2\/pages\/927\/revisions\/947"}],"up":[{"embeddable":true,"href":"https:\/\/teamll-groenland.de\/index.php?rest_route=\/wp\/v2\/pages\/22"}],"wp:attachment":[{"href":"https:\/\/teamll-groenland.de\/index.php?rest_route=%2Fwp%2Fv2%2Fmedia&parent=927"}],"curies":[{"name":"wp","href":"https:\/\/api.w.org\/{rel}","templated":true}]}}