{"id":870,"date":"2017-12-11T20:09:18","date_gmt":"2017-12-11T19:09:18","guid":{"rendered":"http:\/\/teamll-groenland.de\/?page_id=870"},"modified":"2025-11-11T00:46:54","modified_gmt":"2025-11-10T23:46:54","slug":"hujambo-habari-erlebnisbericht-einer-reise-im-ostkongo-und-uganda-zur-spendenverteilung","status":"publish","type":"page","link":"https:\/\/teamll-groenland.de\/?page_id=870","title":{"rendered":"\u201eHujambo Habari\u201c \u2013 Erlebnisbericht einer Reise im Ostkongo und Uganda zur Spendenverteilung 2017"},"content":{"rendered":"<p>Auf einer Radreise im Sommer 2016 durch mehrere L\u00e4nder Ostafrikas haben wir \u201eam Wegesrand\u201c viele Schulen besucht und Menschen kennengelernt, die uns mit ihrem Mut und ihrer Energie beeindruckt haben, etwas bewegen und ver\u00e4ndern zu wollen. Daraus ist die Idee f\u00fcr ein Schulprojekt entstanden, wir wollten pers\u00f6nlich und gemeinsam mit den Einheimischen vor Ort helfen, zur direkten Unterst\u00fctzung der Schul- und Bildungsarbeit. Nach einem Jahr der Vorbereitung und Organisation konnten wir im September 2017 zusammen mit unseren Partnern vor Ort in der Provinz Kivu der DR Kongo sowie in Uganda eine Lieferung von Schul- und Lernmaterialien verteilen.<\/p>\n<p>Mit unserem Vortrag m\u00f6chten wir Euch nicht nur einen kleinen Einblick in unseren Alltag als \u201e<em>deutsche Zwei-Personen-Delegation<\/em>\u201c bei den Treffen mit hunderten Kindern und einem K\u00f6nig geben, sondern auch von den einzigartigen Landschaften im Ostkongo und in der Provinz Karamoja berichten. In unseren Geschichten von Begegnungen, Natur und Traditionen wollen wir versuchen, einen Eindruck zu vermitteln, wie nah oft Sch\u00f6nheit und Grausamkeit in Afrika bei einander liegen.<\/p>\n<ul>\n<li><strong><span style=\"color: #0000ff;\"><a style=\"color: #0000ff;\" href=\"http:\/\/teamll-groenland.de\/wp-content\/uploads\/2017\/12\/Flyer_Schulprojekt_2017.pdf\">Flyer_Schulprojekt_2017<\/a><\/span><\/strong><\/li>\n<\/ul>\n","protected":false},"excerpt":{"rendered":"<p>Auf einer Radreise im Sommer 2016 durch mehrere L\u00e4nder Ostafrikas haben wir \u201eam Wegesrand\u201c viele Schulen besucht und Menschen kennengelernt, die uns mit ihrem Mut und ihrer Energie beeindruckt haben, etwas bewegen und ver\u00e4ndern zu wollen. Daraus ist die Idee &hellip; <a href=\"https:\/\/teamll-groenland.de\/?page_id=870\">Weiterlesen <span class=\"meta-nav\">&rarr;<\/span><\/a><\/p>\n","protected":false},"author":1,"featured_media":0,"parent":22,"menu_order":0,"comment_status":"closed","ping_status":"closed","template":"","meta":{"ngg_post_thumbnail":0,"footnotes":""},"class_list":["post-870","page","type-page","status-publish","hentry"],"_links":{"self":[{"href":"https:\/\/teamll-groenland.de\/index.php?rest_route=\/wp\/v2\/pages\/870","targetHints":{"allow":["GET"]}}],"collection":[{"href":"https:\/\/teamll-groenland.de\/index.php?rest_route=\/wp\/v2\/pages"}],"about":[{"href":"https:\/\/teamll-groenland.de\/index.php?rest_route=\/wp\/v2\/types\/page"}],"author":[{"embeddable":true,"href":"https:\/\/teamll-groenland.de\/index.php?rest_route=\/wp\/v2\/users\/1"}],"replies":[{"embeddable":true,"href":"https:\/\/teamll-groenland.de\/index.php?rest_route=%2Fwp%2Fv2%2Fcomments&post=870"}],"version-history":[{"count":3,"href":"https:\/\/teamll-groenland.de\/index.php?rest_route=\/wp\/v2\/pages\/870\/revisions"}],"predecessor-version":[{"id":903,"href":"https:\/\/teamll-groenland.de\/index.php?rest_route=\/wp\/v2\/pages\/870\/revisions\/903"}],"up":[{"embeddable":true,"href":"https:\/\/teamll-groenland.de\/index.php?rest_route=\/wp\/v2\/pages\/22"}],"wp:attachment":[{"href":"https:\/\/teamll-groenland.de\/index.php?rest_route=%2Fwp%2Fv2%2Fmedia&parent=870"}],"curies":[{"name":"wp","href":"https:\/\/api.w.org\/{rel}","templated":true}]}}