{"id":704,"date":"2014-09-29T21:09:55","date_gmt":"2014-09-29T19:09:55","guid":{"rendered":"http:\/\/teamll-groenland.de\/?page_id=704"},"modified":"2025-11-11T00:32:18","modified_gmt":"2025-11-10T23:32:18","slug":"kirgistan-kokshaal-too-expedition-2014","status":"publish","type":"page","link":"https:\/\/teamll-groenland.de\/?page_id=704","title":{"rendered":"Hakuna matata &#8211; Von der W\u00fcste in den Kongo 2016"},"content":{"rendered":"<p><iframe loading=\"lazy\" title=\"&quot;Hakuna matata&quot; - Von der W\u00fcste in den Kongo\" width=\"584\" height=\"329\" src=\"https:\/\/www.youtube.com\/embed\/KRriiYMMues?feature=oembed\" frameborder=\"0\" allow=\"accelerometer; autoplay; clipboard-write; encrypted-media; gyroscope; picture-in-picture; web-share\" referrerpolicy=\"strict-origin-when-cross-origin\" allowfullscreen><\/iframe><\/p>\n<p>Im Juni 2016 hat es uns nach Ostafrika verschlagen. Unsere Reise war in vielerlei Hinsicht sehr beeindruckend. In der W\u00fcste in S\u00fcd\u00e4thiopien\/ Nordwest-Kenia hatten wir einen kleinen Einblick in eine andere Welt. Wir haben miterlebt, wie hart das (\u00dcber-)Leben f\u00fcr die dort einheimischen Nomaden-St\u00e4mme ist. Inzwischen k\u00f6nnen viele Kinder zur Schule zu gehen, allerdings unter sehr einfachen Bedingungen. Die Menschen Stellen aber keine hohen Anspr\u00fcche \u2013 so haben uns z.B. viele Ugander gesagt, sie sind einfach froh, dass sie keinen Krieg mehr haben.<br \/>\nAm Ende unserer Reise waren wir noch im Ost-Kongo unterwegs. Hier mussten wir leider sehen, wie der seit fast 18 Jahren dauernde Krieg die Menschen ver\u00e4ndert hat. So k\u00f6nnen hier viele Kinder nicht in die Schule gehen, da die Eltern f\u00fcr einen Monat 5 Dollar pro Kind bezahlen m\u00fcssen. Das hat zur Folge, dass die Menschen viel von ihrem traditionellen Wissen verloren haben und sich somit nicht mehr selbstst\u00e4ndig versorgen k\u00f6nnen. Leider ist die Grausamkeit an Kindern und Frauen dadurch sehr gro\u00df geworden. Es herrscht eigentlich ein Zustand der Anarchie. Auch im Ost-Kongo haben wir einige Schulen besucht. Dabei haben wir ganz unterschiedliche Menschen kennengelernt \u2013 manche, die einfach nur Geld haben wollen \u2013 aber auch viele Menschen, die wirklich versuchen, etwas aufzubauen \u2013 mit dem Ziel, vor allem den Frauen wieder die Selbstversorgung der Familie zu erm\u00f6glichen.<\/p>\n<h1><span style=\"text-decoration: underline;\"><span style=\"color: #008000; text-decoration: underline;\">Schulprojekt in Ostafrika<br \/>\n<\/span><\/span><\/h1>\n<p>Hier noch der Link zum Flyer f\u00fcr unser Projekt in Ostafrika:<\/p>\n<ul>\n<li><strong><span style=\"color: #0000ff;\"><a style=\"color: #0000ff;\" href=\"http:\/\/teamll-groenland.de\/wp-content\/uploads\/2017\/12\/Flyer_Schulprojekt_2017.pdf\">Flyer_Schulprojekt_2017<\/a><\/span><\/strong><\/li>\n<\/ul>\n","protected":false},"excerpt":{"rendered":"<p>Im Juni 2016 hat es uns nach Ostafrika verschlagen. Unsere Reise war in vielerlei Hinsicht sehr beeindruckend. In der W\u00fcste in S\u00fcd\u00e4thiopien\/ Nordwest-Kenia hatten wir einen kleinen Einblick in eine andere Welt. Wir haben miterlebt, wie hart das (\u00dcber-)Leben f\u00fcr &hellip; <a href=\"https:\/\/teamll-groenland.de\/?page_id=704\">Weiterlesen <span class=\"meta-nav\">&rarr;<\/span><\/a><\/p>\n","protected":false},"author":1,"featured_media":0,"parent":22,"menu_order":0,"comment_status":"closed","ping_status":"closed","template":"","meta":{"ngg_post_thumbnail":0,"footnotes":""},"class_list":["post-704","page","type-page","status-publish","hentry"],"_links":{"self":[{"href":"https:\/\/teamll-groenland.de\/index.php?rest_route=\/wp\/v2\/pages\/704","targetHints":{"allow":["GET"]}}],"collection":[{"href":"https:\/\/teamll-groenland.de\/index.php?rest_route=\/wp\/v2\/pages"}],"about":[{"href":"https:\/\/teamll-groenland.de\/index.php?rest_route=\/wp\/v2\/types\/page"}],"author":[{"embeddable":true,"href":"https:\/\/teamll-groenland.de\/index.php?rest_route=\/wp\/v2\/users\/1"}],"replies":[{"embeddable":true,"href":"https:\/\/teamll-groenland.de\/index.php?rest_route=%2Fwp%2Fv2%2Fcomments&post=704"}],"version-history":[{"count":9,"href":"https:\/\/teamll-groenland.de\/index.php?rest_route=\/wp\/v2\/pages\/704\/revisions"}],"predecessor-version":[{"id":902,"href":"https:\/\/teamll-groenland.de\/index.php?rest_route=\/wp\/v2\/pages\/704\/revisions\/902"}],"up":[{"embeddable":true,"href":"https:\/\/teamll-groenland.de\/index.php?rest_route=\/wp\/v2\/pages\/22"}],"wp:attachment":[{"href":"https:\/\/teamll-groenland.de\/index.php?rest_route=%2Fwp%2Fv2%2Fmedia&parent=704"}],"curies":[{"name":"wp","href":"https:\/\/api.w.org\/{rel}","templated":true}]}}