{"id":57,"date":"2013-01-12T14:13:31","date_gmt":"2013-01-12T13:13:31","guid":{"rendered":"http:\/\/teamll-groenland.de\/?page_id=57"},"modified":"2025-11-11T00:32:18","modified_gmt":"2025-11-10T23:32:18","slug":"hutten","status":"publish","type":"page","link":"https:\/\/teamll-groenland.de\/?page_id=57","title":{"rendered":"H\u00fctten"},"content":{"rendered":"<p><span style=\"text-decoration: underline;\">\u00dcber uns als Kontakt k\u00f6nnt Ihr gerne in folgenden H\u00fctten \u00fcbernachten oder uns besuchen<\/span>:<\/p>\n<ul>\n<li>Rehnm\u00fchle und R\u00f6lligm\u00fchle in der S\u00e4chsischen Schweiz in Sch\u00f6na<\/li>\n<\/ul>\n<ul>\n<li>&#8222;H\u00fctte&#8220; Sorgau im Erzgebirge, Hauptsitz TeamLL<br \/>\nDank Eurer tatkr\u00e4ftigen Hilfe ist es bei uns schon sehr gem\u00fctlich und man kann viel unternehmen<\/li>\n<\/ul>\n<p><a href=\"http:\/\/teamll-groenland.de\/wp-content\/uploads\/2013\/01\/RIMG0074.jpg\"><img loading=\"lazy\" decoding=\"async\" class=\"aligncenter size-medium wp-image-61\" title=\"Blick von der &quot;H\u00fctte Sorgau&quot;\" src=\"http:\/\/teamll-groenland.de\/wp-content\/uploads\/2013\/01\/RIMG0074-300x225.jpg\" alt=\"\" width=\"300\" height=\"225\" srcset=\"https:\/\/teamll-groenland.de\/wp-content\/uploads\/2013\/01\/RIMG0074-300x225.jpg 300w, https:\/\/teamll-groenland.de\/wp-content\/uploads\/2013\/01\/RIMG0074-1024x768.jpg 1024w, https:\/\/teamll-groenland.de\/wp-content\/uploads\/2013\/01\/RIMG0074-400x300.jpg 400w\" sizes=\"auto, (max-width: 300px) 100vw, 300px\" \/><\/a><\/p>\n","protected":false},"excerpt":{"rendered":"<p>\u00dcber uns als Kontakt k\u00f6nnt Ihr gerne in folgenden H\u00fctten \u00fcbernachten oder uns besuchen: Rehnm\u00fchle und R\u00f6lligm\u00fchle in der S\u00e4chsischen Schweiz in Sch\u00f6na &#8222;H\u00fctte&#8220; Sorgau im Erzgebirge, Hauptsitz TeamLL Dank Eurer tatkr\u00e4ftigen Hilfe ist es bei uns schon sehr gem\u00fctlich &hellip; <a href=\"https:\/\/teamll-groenland.de\/?page_id=57\">Weiterlesen <span class=\"meta-nav\">&rarr;<\/span><\/a><\/p>\n","protected":false},"author":1,"featured_media":0,"parent":0,"menu_order":0,"comment_status":"closed","ping_status":"closed","template":"","meta":{"ngg_post_thumbnail":0,"footnotes":""},"class_list":["post-57","page","type-page","status-publish","hentry"],"_links":{"self":[{"href":"https:\/\/teamll-groenland.de\/index.php?rest_route=\/wp\/v2\/pages\/57","targetHints":{"allow":["GET"]}}],"collection":[{"href":"https:\/\/teamll-groenland.de\/index.php?rest_route=\/wp\/v2\/pages"}],"about":[{"href":"https:\/\/teamll-groenland.de\/index.php?rest_route=\/wp\/v2\/types\/page"}],"author":[{"embeddable":true,"href":"https:\/\/teamll-groenland.de\/index.php?rest_route=\/wp\/v2\/users\/1"}],"replies":[{"embeddable":true,"href":"https:\/\/teamll-groenland.de\/index.php?rest_route=%2Fwp%2Fv2%2Fcomments&post=57"}],"version-history":[{"count":10,"href":"https:\/\/teamll-groenland.de\/index.php?rest_route=\/wp\/v2\/pages\/57\/revisions"}],"predecessor-version":[{"id":617,"href":"https:\/\/teamll-groenland.de\/index.php?rest_route=\/wp\/v2\/pages\/57\/revisions\/617"}],"wp:attachment":[{"href":"https:\/\/teamll-groenland.de\/index.php?rest_route=%2Fwp%2Fv2%2Fmedia&parent=57"}],"curies":[{"name":"wp","href":"https:\/\/api.w.org\/{rel}","templated":true}]}}