{"id":505,"date":"2013-06-11T22:51:12","date_gmt":"2013-06-11T20:51:12","guid":{"rendered":"http:\/\/teamll-groenland.de\/?page_id=505"},"modified":"2025-11-11T00:46:37","modified_gmt":"2025-11-10T23:46:37","slug":"shangri-la-auf-der-suche-nach-dem-verloren-paradies-2013","status":"publish","type":"page","link":"https:\/\/teamll-groenland.de\/?page_id=505","title":{"rendered":"Shangri La \u2013 Auf der Suche nach dem verlorenem Paradies 2013"},"content":{"rendered":"<p><!--[if !mso]>\n\n\n\n<style>\nv\\:* {behavior:url(#default#VML);}\no\\:* {behavior:url(#default#VML);}\nw\\:* {behavior:url(#default#VML);}\n.shape {behavior:url(#default#VML);}\n<\/style>\n\n<![endif]--><\/p>\n<p><!--[if gte mso 9]><xml>\n<w:WordDocument>\n<w:View>Normal<\/w:View>\n<w:Zoom>0<\/w:Zoom>\n<w:TrackMoves>false<\/w:TrackMoves>\n<w:TrackFormatting\/>\n<w:HyphenationZone>21<\/w:HyphenationZone>\n<w:PunctuationKerning\/>\n<w:ValidateAgainstSchemas\/>\n<w:SaveIfXMLInvalid>false<\/w:SaveIfXMLInvalid>\n<w:IgnoreMixedContent>false<\/w:IgnoreMixedContent>\n<w:AlwaysShowPlaceholderText>false<\/w:AlwaysShowPlaceholderText>\n<w:DoNotPromoteQF\/>\n<w:LidThemeOther>DE<\/w:LidThemeOther>\n<w:LidThemeAsian>X-NONE<\/w:LidThemeAsian>\n<w:LidThemeComplexScript>X-NONE<\/w:LidThemeComplexScript>\n<w:Compatibility>\n<w:BreakWrappedTables\/>\n<w:SnapToGridInCell\/>\n<w:WrapTextWithPunct\/>\n<w:UseAsianBreakRules\/>\n<w:DontGrowAutofit\/>\n<w:SplitPgBreakAndParaMark\/>\n<w:DontVertAlignCellWithSp\/>\n<w:DontBreakConstrainedForcedTables\/>\n<w:DontVertAlignInTxbx\/>\n<w:Word11KerningPairs\/>\n<w:CachedColBalance\/>\n<\/w:Compatibility>\n<m:mathPr>\n<m:mathFont m:val=\"Cambria Math\"\/>\n<m:brkBin m:val=\"before\"\/>\n<m:brkBinSub m:val=\"&#45;-\"\/>\n<m:smallFrac m:val=\"off\"\/>\n<m:dispDef\/>\n<m:lMargin m:val=\"0\"\/>\n<m:rMargin m:val=\"0\"\/>\n<m:defJc m:val=\"centerGroup\"\/>\n<m:wrapIndent m:val=\"1440\"\/>\n<m:intLim m:val=\"subSup\"\/>\n<m:naryLim m:val=\"undOvr\"\/>\n<\/m:mathPr><\/w:WordDocument>\n<\/xml><![endif]--><!--[if gte mso 9]><xml>\n<w:LatentStyles DefLockedState=\"false\" DefUnhideWhenUsed=\"true\"\nDefSemiHidden=\"true\" DefQFormat=\"false\" DefPriority=\"99\"\nLatentStyleCount=\"267\">\n<w:LsdException Locked=\"false\" Priority=\"0\" SemiHidden=\"false\"\nUnhideWhenUsed=\"false\" QFormat=\"true\" Name=\"Normal\"\/>\n<w:LsdException Locked=\"false\" Priority=\"9\" SemiHidden=\"false\"\nUnhideWhenUsed=\"false\" QFormat=\"true\" Name=\"heading 1\"\/>\n<w:LsdException Locked=\"false\" Priority=\"9\" QFormat=\"true\" Name=\"heading 2\"\/>\n<w:LsdException Locked=\"false\" Priority=\"9\" QFormat=\"true\" Name=\"heading 3\"\/>\n<w:LsdException Locked=\"false\" Priority=\"9\" QFormat=\"true\" Name=\"heading 4\"\/>\n<w:LsdException Locked=\"false\" Priority=\"9\" QFormat=\"true\" Name=\"heading 5\"\/>\n<w:LsdException Locked=\"false\" Priority=\"9\" QFormat=\"true\" Name=\"heading 6\"\/>\n<w:LsdException Locked=\"false\" Priority=\"9\" QFormat=\"true\" Name=\"heading 7\"\/>\n<w:LsdException Locked=\"false\" Priority=\"9\" QFormat=\"true\" Name=\"heading 8\"\/>\n<w:LsdException Locked=\"false\" Priority=\"9\" QFormat=\"true\" Name=\"heading 9\"\/>\n<w:LsdException Locked=\"false\" Priority=\"39\" Name=\"toc 1\"\/>\n<w:LsdException Locked=\"false\" Priority=\"39\" Name=\"toc 2\"\/>\n<w:LsdException Locked=\"false\" Priority=\"39\" Name=\"toc 3\"\/>\n<w:LsdException Locked=\"false\" Priority=\"39\" Name=\"toc 4\"\/>\n<w:LsdException Locked=\"false\" Priority=\"39\" Name=\"toc 5\"\/>\n<w:LsdException Locked=\"false\" Priority=\"39\" Name=\"toc 6\"\/>\n<w:LsdException Locked=\"false\" Priority=\"39\" Name=\"toc 7\"\/>\n<w:LsdException Locked=\"false\" Priority=\"39\" Name=\"toc 8\"\/>\n<w:LsdException Locked=\"false\" Priority=\"39\" Name=\"toc 9\"\/>\n<w:LsdException Locked=\"false\" Priority=\"35\" QFormat=\"true\" Name=\"caption\"\/>\n<w:LsdException Locked=\"false\" Priority=\"10\" SemiHidden=\"false\"\nUnhideWhenUsed=\"false\" QFormat=\"true\" Name=\"Title\"\/>\n<w:LsdException Locked=\"false\" Priority=\"1\" Name=\"Default Paragraph Font\"\/>\n<w:LsdException Locked=\"false\" Priority=\"11\" SemiHidden=\"false\"\nUnhideWhenUsed=\"false\" QFormat=\"true\" Name=\"Subtitle\"\/>\n<w:LsdException Locked=\"false\" Priority=\"22\" SemiHidden=\"false\"\nUnhideWhenUsed=\"false\" QFormat=\"true\" Name=\"Strong\"\/>\n<w:LsdException Locked=\"false\" Priority=\"20\" SemiHidden=\"false\"\nUnhideWhenUsed=\"false\" QFormat=\"true\" Name=\"Emphasis\"\/>\n<w:LsdException Locked=\"false\" Priority=\"59\" SemiHidden=\"false\"\nUnhideWhenUsed=\"false\" Name=\"Table Grid\"\/>\n<w:LsdException Locked=\"false\" UnhideWhenUsed=\"false\" Name=\"Placeholder Text\"\/>\n<w:LsdException Locked=\"false\" Priority=\"1\" SemiHidden=\"false\"\nUnhideWhenUsed=\"false\" QFormat=\"true\" Name=\"No Spacing\"\/>\n<w:LsdException Locked=\"false\" Priority=\"60\" SemiHidden=\"false\"\nUnhideWhenUsed=\"false\" Name=\"Light Shading\"\/>\n<w:LsdException Locked=\"false\" Priority=\"61\" SemiHidden=\"false\"\nUnhideWhenUsed=\"false\" Name=\"Light List\"\/>\n<w:LsdException Locked=\"false\" Priority=\"62\" SemiHidden=\"false\"\nUnhideWhenUsed=\"false\" Name=\"Light Grid\"\/>\n<w:LsdException Locked=\"false\" Priority=\"63\" SemiHidden=\"false\"\nUnhideWhenUsed=\"false\" Name=\"Medium Shading 1\"\/>\n<w:LsdException Locked=\"false\" Priority=\"64\" SemiHidden=\"false\"\nUnhideWhenUsed=\"false\" Name=\"Medium Shading 2\"\/>\n<w:LsdException Locked=\"false\" Priority=\"65\" SemiHidden=\"false\"\nUnhideWhenUsed=\"false\" Name=\"Medium List 1\"\/>\n<w:LsdException Locked=\"false\" Priority=\"66\" SemiHidden=\"false\"\nUnhideWhenUsed=\"false\" Name=\"Medium List 2\"\/>\n<w:LsdException Locked=\"false\" Priority=\"67\" SemiHidden=\"false\"\nUnhideWhenUsed=\"false\" Name=\"Medium Grid 1\"\/>\n<w:LsdException Locked=\"false\" Priority=\"68\" SemiHidden=\"false\"\nUnhideWhenUsed=\"false\" Name=\"Medium Grid 2\"\/>\n<w:LsdException Locked=\"false\" Priority=\"69\" SemiHidden=\"false\"\nUnhideWhenUsed=\"false\" Name=\"Medium Grid 3\"\/>\n<w:LsdException Locked=\"false\" Priority=\"70\" SemiHidden=\"false\"\nUnhideWhenUsed=\"false\" Name=\"Dark List\"\/>\n<w:LsdException Locked=\"false\" Priority=\"71\" SemiHidden=\"false\"\nUnhideWhenUsed=\"false\" Name=\"Colorful Shading\"\/>\n<w:LsdException Locked=\"false\" Priority=\"72\" SemiHidden=\"false\"\nUnhideWhenUsed=\"false\" Name=\"Colorful List\"\/>\n<w:LsdException Locked=\"false\" Priority=\"73\" SemiHidden=\"false\"\nUnhideWhenUsed=\"false\" Name=\"Colorful Grid\"\/>\n<w:LsdException Locked=\"false\" Priority=\"60\" SemiHidden=\"false\"\nUnhideWhenUsed=\"false\" Name=\"Light Shading Accent 1\"\/>\n<w:LsdException Locked=\"false\" Priority=\"61\" SemiHidden=\"false\"\nUnhideWhenUsed=\"false\" Name=\"Light List Accent 1\"\/>\n<w:LsdException Locked=\"false\" Priority=\"62\" SemiHidden=\"false\"\nUnhideWhenUsed=\"false\" Name=\"Light Grid Accent 1\"\/>\n<w:LsdException Locked=\"false\" Priority=\"63\" SemiHidden=\"false\"\nUnhideWhenUsed=\"false\" Name=\"Medium Shading 1 Accent 1\"\/>\n<w:LsdException Locked=\"false\" Priority=\"64\" SemiHidden=\"false\"\nUnhideWhenUsed=\"false\" Name=\"Medium Shading 2 Accent 1\"\/>\n<w:LsdException Locked=\"false\" Priority=\"65\" SemiHidden=\"false\"\nUnhideWhenUsed=\"false\" Name=\"Medium List 1 Accent 1\"\/>\n<w:LsdException Locked=\"false\" UnhideWhenUsed=\"false\" Name=\"Revision\"\/>\n<w:LsdException Locked=\"false\" Priority=\"34\" SemiHidden=\"false\"\nUnhideWhenUsed=\"false\" QFormat=\"true\" Name=\"List Paragraph\"\/>\n<w:LsdException Locked=\"false\" Priority=\"29\" SemiHidden=\"false\"\nUnhideWhenUsed=\"false\" QFormat=\"true\" Name=\"Quote\"\/>\n<w:LsdException Locked=\"false\" Priority=\"30\" SemiHidden=\"false\"\nUnhideWhenUsed=\"false\" QFormat=\"true\" Name=\"Intense Quote\"\/>\n<w:LsdException Locked=\"false\" Priority=\"66\" SemiHidden=\"false\"\nUnhideWhenUsed=\"false\" Name=\"Medium List 2 Accent 1\"\/>\n<w:LsdException Locked=\"false\" Priority=\"67\" SemiHidden=\"false\"\nUnhideWhenUsed=\"false\" Name=\"Medium Grid 1 Accent 1\"\/>\n<w:LsdException Locked=\"false\" Priority=\"68\" SemiHidden=\"false\"\nUnhideWhenUsed=\"false\" Name=\"Medium Grid 2 Accent 1\"\/>\n<w:LsdException Locked=\"false\" Priority=\"69\" SemiHidden=\"false\"\nUnhideWhenUsed=\"false\" Name=\"Medium Grid 3 Accent 1\"\/>\n<w:LsdException Locked=\"false\" Priority=\"70\" SemiHidden=\"false\"\nUnhideWhenUsed=\"false\" Name=\"Dark List Accent 1\"\/>\n<w:LsdException Locked=\"false\" Priority=\"71\" SemiHidden=\"false\"\nUnhideWhenUsed=\"false\" Name=\"Colorful Shading Accent 1\"\/>\n<w:LsdException Locked=\"false\" Priority=\"72\" SemiHidden=\"false\"\nUnhideWhenUsed=\"false\" Name=\"Colorful List Accent 1\"\/>\n<w:LsdException Locked=\"false\" Priority=\"73\" SemiHidden=\"false\"\nUnhideWhenUsed=\"false\" Name=\"Colorful Grid Accent 1\"\/>\n<w:LsdException Locked=\"false\" Priority=\"60\" SemiHidden=\"false\"\nUnhideWhenUsed=\"false\" Name=\"Light Shading Accent 2\"\/>\n<w:LsdException Locked=\"false\" Priority=\"61\" SemiHidden=\"false\"\nUnhideWhenUsed=\"false\" Name=\"Light List Accent 2\"\/>\n<w:LsdException Locked=\"false\" Priority=\"62\" SemiHidden=\"false\"\nUnhideWhenUsed=\"false\" Name=\"Light Grid Accent 2\"\/>\n<w:LsdException Locked=\"false\" Priority=\"63\" SemiHidden=\"false\"\nUnhideWhenUsed=\"false\" Name=\"Medium Shading 1 Accent 2\"\/>\n<w:LsdException Locked=\"false\" Priority=\"64\" SemiHidden=\"false\"\nUnhideWhenUsed=\"false\" Name=\"Medium Shading 2 Accent 2\"\/>\n<w:LsdException Locked=\"false\" Priority=\"65\" SemiHidden=\"false\"\nUnhideWhenUsed=\"false\" Name=\"Medium List 1 Accent 2\"\/>\n<w:LsdException Locked=\"false\" Priority=\"66\" SemiHidden=\"false\"\nUnhideWhenUsed=\"false\" Name=\"Medium List 2 Accent 2\"\/>\n<w:LsdException Locked=\"false\" Priority=\"67\" SemiHidden=\"false\"\nUnhideWhenUsed=\"false\" Name=\"Medium Grid 1 Accent 2\"\/>\n<w:LsdException Locked=\"false\" Priority=\"68\" SemiHidden=\"false\"\nUnhideWhenUsed=\"false\" Name=\"Medium Grid 2 Accent 2\"\/>\n<w:LsdException Locked=\"false\" Priority=\"69\" SemiHidden=\"false\"\nUnhideWhenUsed=\"false\" Name=\"Medium Grid 3 Accent 2\"\/>\n<w:LsdException Locked=\"false\" Priority=\"70\" SemiHidden=\"false\"\nUnhideWhenUsed=\"false\" Name=\"Dark List Accent 2\"\/>\n<w:LsdException Locked=\"false\" Priority=\"71\" SemiHidden=\"false\"\nUnhideWhenUsed=\"false\" Name=\"Colorful Shading Accent 2\"\/>\n<w:LsdException Locked=\"false\" Priority=\"72\" SemiHidden=\"false\"\nUnhideWhenUsed=\"false\" Name=\"Colorful List Accent 2\"\/>\n<w:LsdException Locked=\"false\" Priority=\"73\" SemiHidden=\"false\"\nUnhideWhenUsed=\"false\" Name=\"Colorful Grid Accent 2\"\/>\n<w:LsdException Locked=\"false\" Priority=\"60\" SemiHidden=\"false\"\nUnhideWhenUsed=\"false\" Name=\"Light Shading Accent 3\"\/>\n<w:LsdException Locked=\"false\" Priority=\"61\" SemiHidden=\"false\"\nUnhideWhenUsed=\"false\" Name=\"Light List Accent 3\"\/>\n<w:LsdException Locked=\"false\" Priority=\"62\" SemiHidden=\"false\"\nUnhideWhenUsed=\"false\" Name=\"Light Grid Accent 3\"\/>\n<w:LsdException Locked=\"false\" Priority=\"63\" SemiHidden=\"false\"\nUnhideWhenUsed=\"false\" Name=\"Medium Shading 1 Accent 3\"\/>\n<w:LsdException Locked=\"false\" Priority=\"64\" SemiHidden=\"false\"\nUnhideWhenUsed=\"false\" Name=\"Medium Shading 2 Accent 3\"\/>\n<w:LsdException Locked=\"false\" Priority=\"65\" SemiHidden=\"false\"\nUnhideWhenUsed=\"false\" Name=\"Medium List 1 Accent 3\"\/>\n<w:LsdException Locked=\"false\" Priority=\"66\" SemiHidden=\"false\"\nUnhideWhenUsed=\"false\" Name=\"Medium List 2 Accent 3\"\/>\n<w:LsdException Locked=\"false\" Priority=\"67\" SemiHidden=\"false\"\nUnhideWhenUsed=\"false\" Name=\"Medium Grid 1 Accent 3\"\/>\n<w:LsdException Locked=\"false\" Priority=\"68\" SemiHidden=\"false\"\nUnhideWhenUsed=\"false\" Name=\"Medium Grid 2 Accent 3\"\/>\n<w:LsdException Locked=\"false\" Priority=\"69\" SemiHidden=\"false\"\nUnhideWhenUsed=\"false\" Name=\"Medium Grid 3 Accent 3\"\/>\n<w:LsdException Locked=\"false\" Priority=\"70\" SemiHidden=\"false\"\nUnhideWhenUsed=\"false\" Name=\"Dark List Accent 3\"\/>\n<w:LsdException Locked=\"false\" Priority=\"71\" SemiHidden=\"false\"\nUnhideWhenUsed=\"false\" Name=\"Colorful Shading Accent 3\"\/>\n<w:LsdException Locked=\"false\" Priority=\"72\" SemiHidden=\"false\"\nUnhideWhenUsed=\"false\" Name=\"Colorful List Accent 3\"\/>\n<w:LsdException Locked=\"false\" Priority=\"73\" SemiHidden=\"false\"\nUnhideWhenUsed=\"false\" Name=\"Colorful Grid Accent 3\"\/>\n<w:LsdException Locked=\"false\" Priority=\"60\" SemiHidden=\"false\"\nUnhideWhenUsed=\"false\" Name=\"Light Shading Accent 4\"\/>\n<w:LsdException Locked=\"false\" Priority=\"61\" SemiHidden=\"false\"\nUnhideWhenUsed=\"false\" Name=\"Light List Accent 4\"\/>\n<w:LsdException Locked=\"false\" Priority=\"62\" SemiHidden=\"false\"\nUnhideWhenUsed=\"false\" Name=\"Light Grid Accent 4\"\/>\n<w:LsdException Locked=\"false\" Priority=\"63\" SemiHidden=\"false\"\nUnhideWhenUsed=\"false\" Name=\"Medium Shading 1 Accent 4\"\/>\n<w:LsdException Locked=\"false\" Priority=\"64\" SemiHidden=\"false\"\nUnhideWhenUsed=\"false\" Name=\"Medium Shading 2 Accent 4\"\/>\n<w:LsdException Locked=\"false\" Priority=\"65\" SemiHidden=\"false\"\nUnhideWhenUsed=\"false\" Name=\"Medium List 1 Accent 4\"\/>\n<w:LsdException Locked=\"false\" Priority=\"66\" SemiHidden=\"false\"\nUnhideWhenUsed=\"false\" Name=\"Medium List 2 Accent 4\"\/>\n<w:LsdException Locked=\"false\" Priority=\"67\" SemiHidden=\"false\"\nUnhideWhenUsed=\"false\" Name=\"Medium Grid 1 Accent 4\"\/>\n<w:LsdException Locked=\"false\" Priority=\"68\" SemiHidden=\"false\"\nUnhideWhenUsed=\"false\" Name=\"Medium Grid 2 Accent 4\"\/>\n<w:LsdException Locked=\"false\" Priority=\"69\" SemiHidden=\"false\"\nUnhideWhenUsed=\"false\" Name=\"Medium Grid 3 Accent 4\"\/>\n<w:LsdException Locked=\"false\" Priority=\"70\" SemiHidden=\"false\"\nUnhideWhenUsed=\"false\" Name=\"Dark List Accent 4\"\/>\n<w:LsdException Locked=\"false\" Priority=\"71\" SemiHidden=\"false\"\nUnhideWhenUsed=\"false\" Name=\"Colorful Shading Accent 4\"\/>\n<w:LsdException Locked=\"false\" Priority=\"72\" SemiHidden=\"false\"\nUnhideWhenUsed=\"false\" Name=\"Colorful List Accent 4\"\/>\n<w:LsdException Locked=\"false\" Priority=\"73\" SemiHidden=\"false\"\nUnhideWhenUsed=\"false\" Name=\"Colorful Grid Accent 4\"\/>\n<w:LsdException Locked=\"false\" Priority=\"60\" SemiHidden=\"false\"\nUnhideWhenUsed=\"false\" Name=\"Light Shading Accent 5\"\/>\n<w:LsdException Locked=\"false\" Priority=\"61\" SemiHidden=\"false\"\nUnhideWhenUsed=\"false\" Name=\"Light List Accent 5\"\/>\n<w:LsdException Locked=\"false\" Priority=\"62\" SemiHidden=\"false\"\nUnhideWhenUsed=\"false\" Name=\"Light Grid Accent 5\"\/>\n<w:LsdException Locked=\"false\" Priority=\"63\" SemiHidden=\"false\"\nUnhideWhenUsed=\"false\" Name=\"Medium Shading 1 Accent 5\"\/>\n<w:LsdException Locked=\"false\" Priority=\"64\" SemiHidden=\"false\"\nUnhideWhenUsed=\"false\" Name=\"Medium Shading 2 Accent 5\"\/>\n<w:LsdException Locked=\"false\" Priority=\"65\" SemiHidden=\"false\"\nUnhideWhenUsed=\"false\" Name=\"Medium List 1 Accent 5\"\/>\n<w:LsdException Locked=\"false\" Priority=\"66\" SemiHidden=\"false\"\nUnhideWhenUsed=\"false\" Name=\"Medium List 2 Accent 5\"\/>\n<w:LsdException Locked=\"false\" Priority=\"67\" SemiHidden=\"false\"\nUnhideWhenUsed=\"false\" Name=\"Medium Grid 1 Accent 5\"\/>\n<w:LsdException Locked=\"false\" Priority=\"68\" SemiHidden=\"false\"\nUnhideWhenUsed=\"false\" Name=\"Medium Grid 2 Accent 5\"\/>\n<w:LsdException Locked=\"false\" Priority=\"69\" SemiHidden=\"false\"\nUnhideWhenUsed=\"false\" Name=\"Medium Grid 3 Accent 5\"\/>\n<w:LsdException Locked=\"false\" Priority=\"70\" SemiHidden=\"false\"\nUnhideWhenUsed=\"false\" Name=\"Dark List Accent 5\"\/>\n<w:LsdException Locked=\"false\" Priority=\"71\" SemiHidden=\"false\"\nUnhideWhenUsed=\"false\" Name=\"Colorful Shading Accent 5\"\/>\n<w:LsdException Locked=\"false\" Priority=\"72\" SemiHidden=\"false\"\nUnhideWhenUsed=\"false\" Name=\"Colorful List Accent 5\"\/>\n<w:LsdException Locked=\"false\" Priority=\"73\" SemiHidden=\"false\"\nUnhideWhenUsed=\"false\" Name=\"Colorful Grid Accent 5\"\/>\n<w:LsdException Locked=\"false\" Priority=\"60\" SemiHidden=\"false\"\nUnhideWhenUsed=\"false\" Name=\"Light Shading Accent 6\"\/>\n<w:LsdException Locked=\"false\" Priority=\"61\" SemiHidden=\"false\"\nUnhideWhenUsed=\"false\" Name=\"Light List Accent 6\"\/>\n<w:LsdException Locked=\"false\" Priority=\"62\" SemiHidden=\"false\"\nUnhideWhenUsed=\"false\" Name=\"Light Grid Accent 6\"\/>\n<w:LsdException Locked=\"false\" Priority=\"63\" SemiHidden=\"false\"\nUnhideWhenUsed=\"false\" Name=\"Medium Shading 1 Accent 6\"\/>\n<w:LsdException Locked=\"false\" Priority=\"64\" SemiHidden=\"false\"\nUnhideWhenUsed=\"false\" Name=\"Medium Shading 2 Accent 6\"\/>\n<w:LsdException Locked=\"false\" Priority=\"65\" SemiHidden=\"false\"\nUnhideWhenUsed=\"false\" Name=\"Medium List 1 Accent 6\"\/>\n<w:LsdException Locked=\"false\" Priority=\"66\" SemiHidden=\"false\"\nUnhideWhenUsed=\"false\" Name=\"Medium List 2 Accent 6\"\/>\n<w:LsdException Locked=\"false\" Priority=\"67\" SemiHidden=\"false\"\nUnhideWhenUsed=\"false\" Name=\"Medium Grid 1 Accent 6\"\/>\n<w:LsdException Locked=\"false\" Priority=\"68\" SemiHidden=\"false\"\nUnhideWhenUsed=\"false\" Name=\"Medium Grid 2 Accent 6\"\/>\n<w:LsdException Locked=\"false\" Priority=\"69\" SemiHidden=\"false\"\nUnhideWhenUsed=\"false\" Name=\"Medium Grid 3 Accent 6\"\/>\n<w:LsdException Locked=\"false\" Priority=\"70\" SemiHidden=\"false\"\nUnhideWhenUsed=\"false\" Name=\"Dark List Accent 6\"\/>\n<w:LsdException Locked=\"false\" Priority=\"71\" SemiHidden=\"false\"\nUnhideWhenUsed=\"false\" Name=\"Colorful Shading Accent 6\"\/>\n<w:LsdException Locked=\"false\" Priority=\"72\" SemiHidden=\"false\"\nUnhideWhenUsed=\"false\" Name=\"Colorful List Accent 6\"\/>\n<w:LsdException Locked=\"false\" Priority=\"73\" SemiHidden=\"false\"\nUnhideWhenUsed=\"false\" Name=\"Colorful Grid Accent 6\"\/>\n<w:LsdException Locked=\"false\" Priority=\"19\" SemiHidden=\"false\"\nUnhideWhenUsed=\"false\" QFormat=\"true\" Name=\"Subtle Emphasis\"\/>\n<w:LsdException Locked=\"false\" Priority=\"21\" SemiHidden=\"false\"\nUnhideWhenUsed=\"false\" QFormat=\"true\" Name=\"Intense Emphasis\"\/>\n<w:LsdException Locked=\"false\" Priority=\"31\" SemiHidden=\"false\"\nUnhideWhenUsed=\"false\" QFormat=\"true\" Name=\"Subtle Reference\"\/>\n<w:LsdException Locked=\"false\" Priority=\"32\" SemiHidden=\"false\"\nUnhideWhenUsed=\"false\" QFormat=\"true\" Name=\"Intense Reference\"\/>\n<w:LsdException Locked=\"false\" Priority=\"33\" SemiHidden=\"false\"\nUnhideWhenUsed=\"false\" QFormat=\"true\" Name=\"Book Title\"\/>\n<w:LsdException Locked=\"false\" Priority=\"37\" Name=\"Bibliography\"\/>\n<w:LsdException Locked=\"false\" Priority=\"39\" QFormat=\"true\" Name=\"TOC Heading\"\/>\n<\/w:LatentStyles>\n<\/xml><![endif]--><!--[if gte mso 10]>\n\n\n\n<style>\n \/* Style Definitions *\/\n table.MsoNormalTable\n\t{mso-style-name:\"Normale Tabelle\";\n\tmso-tstyle-rowband-size:0;\n\tmso-tstyle-colband-size:0;\n\tmso-style-noshow:yes;\n\tmso-style-priority:99;\n\tmso-style-qformat:yes;\n\tmso-style-parent:\"\";\n\tmso-padding-alt:0cm 5.4pt 0cm 5.4pt;\n\tmso-para-margin-top:0cm;\n\tmso-para-margin-right:0cm;\n\tmso-para-margin-bottom:10.0pt;\n\tmso-para-margin-left:0cm;\n\tline-height:115%;\n\tmso-pagination:widow-orphan;\n\tfont-size:11.0pt;\n\tfont-family:\"Calibri\",\"sans-serif\";\n\tmso-ascii-font-family:Calibri;\n\tmso-ascii-theme-font:minor-latin;\n\tmso-fareast-font-family:\"Times New Roman\";\n\tmso-fareast-theme-font:minor-fareast;\n\tmso-hansi-font-family:Calibri;\n\tmso-hansi-theme-font:minor-latin;}\n<\/style>\n\n<![endif]--><\/p>\n<p class=\"MsoNormal\"><span style=\"text-decoration: underline;\"><span style=\"font-size: 14pt; color: #ff0000;\"><a href=\"http:\/\/teamll-groenland.de\/?page_id=509\"><span style=\"color: #ff0000; text-decoration: underline;\">Diashow<\/span><\/a><\/span><\/span><\/p>\n<p class=\"MsoNormal\"><span style=\"font-size: 14.0pt;\">Viele Menschen in Asien sagen, dass es bei Ihnen das \u201everlorene Paradies\u201c gibt. Es ist auch wirklich in S\u00fcdwestchina wundersch\u00f6n.<\/span><\/p>\n<p class=\"MsoNormal\"><span style=\"font-size: 14.0pt;\">Wir starteten in Chengdu, einer chinesischen Gro\u00dfstadt in der Provinz Sichuan. Von Chengdu radelten wir mit unseren Drahteseln nach Westen, wo nach 50 km die Berge des Himalaya beginnen. Dort geht das Gebirge von 300 m gleich steil nach oben bis 6000 m und dahinter gleich wieder in ein steiles Tal bis auf 1000 m herunter. Nicht nur die Landschaft mit den km-weiten und steilen Rhododendronw\u00e4ldern<span style=\"mso-spacerun: yes;\">\u00a0 <\/span>und Bergspitzen, die einer sehr harten Witterung ausgesetzt sind, sind beeindruckend. Auch die vielen verschiedenen Kulturen. In fast jedem Tal lebt eine andere Kultur &#8211; in dem einen Tal haben alle Menschen blaue M\u00fctzen auf und im n\u00e4chsten Tal schwarze M\u00fctzen. Egal ob von chinesischen Bauarbeitern, Hirten oder M\u00f6nchen, wir wurden von allen sehr oft eingeladen, da kamen wir manchmal kaum voran. Es lohnt sich aber immer ein Besuch bei den Einheimischen am offenen Lagerfeuer in ihrem Heim, wo oftmals Schlafzimmer, K\u00fcche und Wohnzimmer in einem sind. Dort wurde auch sehr gutes Essen zubereitet. Es gibt immer frischen Salat mit sehr gut zubereitetem Fleisch. Zu trinken gibt es nat\u00fcrlich den ber\u00fchmten Yakbuttertee, der mit ranziger Yakbutter zubereitet wird. Den muss man mal probiert haben&#8230; Die Tibeter trinken am Tag bis zu 40 Tassen davon. <\/span><\/p>\n<p class=\"MsoNormal\"><span style=\"font-size: 14.0pt;\">Am Anfang des Gebirges sah man die schnelle Entwicklung Chinas, sehr viele neue Stra\u00dfen und kleine St\u00e4dte, doch um so weiter wir nach Osttibet kamen wurden die Stra\u00dfen zu Pisten und alles wurde abgelegener. Es wird zwar versucht die Hauptverbindung, den Sichuan-Tibet-Highway<span style=\"mso-spacerun: yes;\">\u00a0 <\/span>auszubauen, aber das gelingt nur m\u00fchsam, da dort immer mal die Erde wackelt und andere Naturgewalten vieles zerst\u00f6ren. Die Weite dieses Landes bekamen wir zu sp\u00fcren, als wir eine Woche \u00fcber einen verschneiten Gebirgszug in ein einsames Tal fuhren und dann kein Weg aus dem Tal hinausf\u00fchrte. Es war ein sehr sch\u00f6nes Tal mit vielen Pflanzen und Tieren (Affen, Adlern usw.), aus dem wir aber nur mit Hilfe der wenigen Menschen, die dort lebten, wieder heraus kamen.<\/span><\/p>\n<p class=\"MsoNormal\"><span style=\"font-size: 14.0pt;\">Weiter im S\u00fcden kamen wir zu dem Volk der Mosuo, dort herrschen die Frauen. Doch es ist f\u00fcr die M\u00e4nner eigentlich nicht so \u201eschlimm\u201c. Die Frauen sind zwar die Chefs, aber daf\u00fcr m\u00fcssen die auch auf den Feldern arbeiten und die M\u00e4nner k\u00fcmmern sich um die Kinder und trinken Schnaps, unter anderem aus einem Klob\u00fcrstenhalter, da der so einen sch\u00f6nen langen Griff hat.<\/span><\/p>\n<p class=\"MsoNormal\"><span style=\"font-size: 14.0pt;\">Als wir allerdings wieder nach Hause in unser sch\u00f6nes Erzgebirge kamen haben wir unser \u201everlorenes Paradies\u201c gefunden.<\/span><\/p>\n","protected":false},"excerpt":{"rendered":"<p>Diashow Viele Menschen in Asien sagen, dass es bei Ihnen das \u201everlorene Paradies\u201c gibt. Es ist auch wirklich in S\u00fcdwestchina wundersch\u00f6n. Wir starteten in Chengdu, einer chinesischen Gro\u00dfstadt in der Provinz Sichuan. Von Chengdu radelten wir mit unseren Drahteseln nach &hellip; <a href=\"https:\/\/teamll-groenland.de\/?page_id=505\">Weiterlesen <span class=\"meta-nav\">&rarr;<\/span><\/a><\/p>\n","protected":false},"author":1,"featured_media":0,"parent":22,"menu_order":0,"comment_status":"closed","ping_status":"closed","template":"","meta":{"ngg_post_thumbnail":0,"footnotes":""},"class_list":["post-505","page","type-page","status-publish","hentry"],"_links":{"self":[{"href":"https:\/\/teamll-groenland.de\/index.php?rest_route=\/wp\/v2\/pages\/505","targetHints":{"allow":["GET"]}}],"collection":[{"href":"https:\/\/teamll-groenland.de\/index.php?rest_route=\/wp\/v2\/pages"}],"about":[{"href":"https:\/\/teamll-groenland.de\/index.php?rest_route=\/wp\/v2\/types\/page"}],"author":[{"embeddable":true,"href":"https:\/\/teamll-groenland.de\/index.php?rest_route=\/wp\/v2\/users\/1"}],"replies":[{"embeddable":true,"href":"https:\/\/teamll-groenland.de\/index.php?rest_route=%2Fwp%2Fv2%2Fcomments&post=505"}],"version-history":[{"count":9,"href":"https:\/\/teamll-groenland.de\/index.php?rest_route=\/wp\/v2\/pages\/505\/revisions"}],"predecessor-version":[{"id":608,"href":"https:\/\/teamll-groenland.de\/index.php?rest_route=\/wp\/v2\/pages\/505\/revisions\/608"}],"up":[{"embeddable":true,"href":"https:\/\/teamll-groenland.de\/index.php?rest_route=\/wp\/v2\/pages\/22"}],"wp:attachment":[{"href":"https:\/\/teamll-groenland.de\/index.php?rest_route=%2Fwp%2Fv2%2Fmedia&parent=505"}],"curies":[{"name":"wp","href":"https:\/\/api.w.org\/{rel}","templated":true}]}}