{"id":470,"date":"2013-01-29T23:07:37","date_gmt":"2013-01-29T22:07:37","guid":{"rendered":"http:\/\/teamll-groenland.de\/?page_id=470"},"modified":"2025-11-11T00:46:37","modified_gmt":"2025-11-10T23:46:37","slug":"ski-individuell-2","status":"publish","type":"page","link":"https:\/\/teamll-groenland.de\/?page_id=470","title":{"rendered":"Ski Individuell"},"content":{"rendered":"<p><strong><span style=\"text-decoration: underline;\"><span style=\"color: #ff0000; text-decoration: underline;\"><a href=\"http:\/\/teamll-groenland.de\/?page_id=245\"><span style=\"color: #ff0000; text-decoration: underline;\">Diashow<\/span><\/a><\/span><\/span><\/strong><\/p>\n<ul>\n<li>\n<h1><span style=\"color: #0000ff;\"><strong><span style=\"text-decoration: underline;\"><a style=\"color: #0000ff; text-decoration: underline;\" href=\"http:\/\/www.richardohnesorge.de\/2017individuell.html\">Internetseite Ski-Individuell<\/a><\/span><\/strong><\/span><\/h1>\n<\/li>\n<\/ul>\n<p>Das Unternehmen dient der Erfassung der physischen und psychischen Leistungsgrenzen eines jeden Teilnehmers <strong>F\u00dcR SICH SELBST<\/strong>!<br \/>\nEs ist also kein Wettrennen im eigentlichen Sinne. Vielmehr soll jeder Teilnehmer sich mit dem Problem konfrontiert sehen, eine Strecke von ca. <strong>120 km<\/strong> unter winterlichen Bedingungen zu \u00fcberwinden. Dabei ist jeder auf sich allein gestellt. Der Zeitfaktor hat dabei nur einen untergeordneten Wert. Er soll eventuell als Ansporn zu extremen Leistungen dienen.<br \/>\nUm den Gedanken des Unternehmens zu wahren, ist es erforderlich, dass jeder Teilnehmer sich nach seinen Erfordernissen ausr\u00fcstet. Das bedeutet, er sollte in der Lage sein, mit seiner Ausr\u00fcstung allein die Strecke zu \u00fcberwinden und unterwegs und im Ziel im eigenen Schlafsack zu ruhen.<\/p>\n<p>Es gibt jedes Jahr eine neue Strecke mit ganz unterschiedlichen Posten, meist ca.10 an der Zahl.&nbsp;Manche sind besetzt und es gibt dort eine kleine Versorgung. Und manche sind wiederum unbesetzt und nicht immer ganz einfach zu finden. Es ist somit nicht nur gute Ski Technik und Kondition gefordert, sondern auch Orientierungssinn und Alpine Erfahrung, wenn man sich drau\u00dfen im Winter selber versorgen muss.<\/p>\n<p>&nbsp;<\/p>\n<p><iframe loading=\"lazy\" title=\"Ski Individuell 2016\" width=\"584\" height=\"329\" src=\"https:\/\/www.youtube.com\/embed\/56z4z8_OHX0?feature=oembed\" frameborder=\"0\" allow=\"accelerometer; autoplay; clipboard-write; encrypted-media; gyroscope; picture-in-picture; web-share\" referrerpolicy=\"strict-origin-when-cross-origin\" allowfullscreen><\/iframe><\/p>\n<p>&nbsp;<\/p>\n","protected":false},"excerpt":{"rendered":"<p>Diashow Internetseite Ski-Individuell Das Unternehmen dient der Erfassung der physischen und psychischen Leistungsgrenzen eines jeden Teilnehmers F\u00dcR SICH SELBST! Es ist also kein Wettrennen im eigentlichen Sinne. Vielmehr soll jeder Teilnehmer sich mit dem Problem konfrontiert sehen, eine Strecke von &hellip; <a href=\"https:\/\/teamll-groenland.de\/?page_id=470\">Weiterlesen <span class=\"meta-nav\">&rarr;<\/span><\/a><\/p>\n","protected":false},"author":1,"featured_media":0,"parent":22,"menu_order":0,"comment_status":"closed","ping_status":"closed","template":"","meta":{"ngg_post_thumbnail":0,"footnotes":""},"class_list":["post-470","page","type-page","status-publish","hentry"],"_links":{"self":[{"href":"https:\/\/teamll-groenland.de\/index.php?rest_route=\/wp\/v2\/pages\/470","targetHints":{"allow":["GET"]}}],"collection":[{"href":"https:\/\/teamll-groenland.de\/index.php?rest_route=\/wp\/v2\/pages"}],"about":[{"href":"https:\/\/teamll-groenland.de\/index.php?rest_route=\/wp\/v2\/types\/page"}],"author":[{"embeddable":true,"href":"https:\/\/teamll-groenland.de\/index.php?rest_route=\/wp\/v2\/users\/1"}],"replies":[{"embeddable":true,"href":"https:\/\/teamll-groenland.de\/index.php?rest_route=%2Fwp%2Fv2%2Fcomments&post=470"}],"version-history":[{"count":17,"href":"https:\/\/teamll-groenland.de\/index.php?rest_route=\/wp\/v2\/pages\/470\/revisions"}],"predecessor-version":[{"id":862,"href":"https:\/\/teamll-groenland.de\/index.php?rest_route=\/wp\/v2\/pages\/470\/revisions\/862"}],"up":[{"embeddable":true,"href":"https:\/\/teamll-groenland.de\/index.php?rest_route=\/wp\/v2\/pages\/22"}],"wp:attachment":[{"href":"https:\/\/teamll-groenland.de\/index.php?rest_route=%2Fwp%2Fv2%2Fmedia&parent=470"}],"curies":[{"name":"wp","href":"https:\/\/api.w.org\/{rel}","templated":true}]}}