{"id":383,"date":"2013-01-19T11:25:19","date_gmt":"2013-01-19T10:25:19","guid":{"rendered":"http:\/\/teamll-groenland.de\/?page_id=383"},"modified":"2025-11-11T00:32:18","modified_gmt":"2025-11-10T23:32:18","slug":"alpentriathlon-mit-meeresausblick-2012","status":"publish","type":"page","link":"https:\/\/teamll-groenland.de\/?page_id=383","title":{"rendered":"Alpentriathlon mit Meeresausblick 2012"},"content":{"rendered":"<p><strong><span style=\"text-decoration: underline;\"><span style=\"color: #ff0000;\"><a href=\"http:\/\/teamll-groenland.de\/?page_id=387\"><span style=\"color: #ff0000; text-decoration: underline;\">Diashow<\/span><\/a><\/span><\/span><\/strong><\/p>\n<p>2012 machten wir Wochenweise Urlaub im sch\u00f6nen Europa. Wobei es 6-mal in die Alpen ging, allerdings nicht immer ganz eine Woche. Und 1 Woche segelten wir mit unserem Kumpel Lampe auf der Ostsee in der d\u00e4nischen S\u00fcdsee, das war auch eine super Sache, mal etwas ganz anderes. In den Alpen machten wir im Fr\u00fchjahr sch\u00f6ne Skitouren und bestiegen die Tosarinne in der Brenta. Wobei wir in den Winterr\u00e4umen auch einige nette Bekanntschaften machten.<\/p>\n<p>Im Sommer ging es dann viel mit dem Fahrrad in und \u00fcber die Alpen, eine \u00dcberquerung machten wir in den West und See Alpen, dort ist es noch nicht so mit Bikern \u00fcberlaufen. Unser Freund Heiko konstruierte Leichtgep\u00e4cktr\u00e4ger f\u00fcr die Hoppsfahrr\u00e4der. So das wir kleines Gep\u00e4ck, wie Zelt und Kocher mitnehmen konnten und unabh\u00e4ngig waren.<\/p>\n<p>Im Herbst lud uns unser Kumpel Christian der in der Bernina wohnt ein, wo wir nicht nur viel lachten sondern auch sch\u00f6n kletterten und biken gingen.<\/p>\n","protected":false},"excerpt":{"rendered":"<p>Diashow 2012 machten wir Wochenweise Urlaub im sch\u00f6nen Europa. Wobei es 6-mal in die Alpen ging, allerdings nicht immer ganz eine Woche. Und 1 Woche segelten wir mit unserem Kumpel Lampe auf der Ostsee in der d\u00e4nischen S\u00fcdsee, das war &hellip; <a href=\"https:\/\/teamll-groenland.de\/?page_id=383\">Weiterlesen <span class=\"meta-nav\">&rarr;<\/span><\/a><\/p>\n","protected":false},"author":1,"featured_media":0,"parent":22,"menu_order":0,"comment_status":"closed","ping_status":"closed","template":"","meta":{"ngg_post_thumbnail":0,"footnotes":""},"class_list":["post-383","page","type-page","status-publish","hentry"],"_links":{"self":[{"href":"https:\/\/teamll-groenland.de\/index.php?rest_route=\/wp\/v2\/pages\/383","targetHints":{"allow":["GET"]}}],"collection":[{"href":"https:\/\/teamll-groenland.de\/index.php?rest_route=\/wp\/v2\/pages"}],"about":[{"href":"https:\/\/teamll-groenland.de\/index.php?rest_route=\/wp\/v2\/types\/page"}],"author":[{"embeddable":true,"href":"https:\/\/teamll-groenland.de\/index.php?rest_route=\/wp\/v2\/users\/1"}],"replies":[{"embeddable":true,"href":"https:\/\/teamll-groenland.de\/index.php?rest_route=%2Fwp%2Fv2%2Fcomments&post=383"}],"version-history":[{"count":6,"href":"https:\/\/teamll-groenland.de\/index.php?rest_route=\/wp\/v2\/pages\/383\/revisions"}],"predecessor-version":[{"id":1172,"href":"https:\/\/teamll-groenland.de\/index.php?rest_route=\/wp\/v2\/pages\/383\/revisions\/1172"}],"up":[{"embeddable":true,"href":"https:\/\/teamll-groenland.de\/index.php?rest_route=\/wp\/v2\/pages\/22"}],"wp:attachment":[{"href":"https:\/\/teamll-groenland.de\/index.php?rest_route=%2Fwp%2Fv2%2Fmedia&parent=383"}],"curies":[{"name":"wp","href":"https:\/\/api.w.org\/{rel}","templated":true}]}}