{"id":361,"date":"2013-01-19T10:48:50","date_gmt":"2013-01-19T09:48:50","guid":{"rendered":"http:\/\/teamll-groenland.de\/?page_id=361"},"modified":"2025-11-11T00:32:18","modified_gmt":"2025-11-10T23:32:18","slug":"baikalsee-2004","status":"publish","type":"page","link":"https:\/\/teamll-groenland.de\/?page_id=361","title":{"rendered":"Baikalsee 2004"},"content":{"rendered":"<p><strong><span style=\"text-decoration: underline;\"><span style=\"color: #ff0000;\"><a href=\"http:\/\/teamll-groenland.de\/?page_id=364\"><span style=\"color: #ff0000; text-decoration: underline;\">Diashow<\/span><\/a><\/span><\/span><\/strong><\/p>\n<p>Im Sommer 2004 nahmen unsere Freunde Katja und J\u00f6rg uns mit zum Baikalsee in Sibirien. Dort radelten wir an der Ostk\u00fcste von Ulan Ude bis nach Ust Barguzin. Von da nahmen uns ein paar Russen mit auf die Abfahrt zur Insel Olcon, nat\u00fcrlich mit viel Wodka. Von der Insel fuhren wir nach S\u00fcden durch die sibirischen W\u00e4lder vorbei an der Pescjanaja-Bucht. In der wir von vielen Russen eingeladen wurden, die dort selber gerade Urlaub machten. Die wundersch\u00f6ne Landschaft und die gro\u00dfe Einsamkeit sind faszinierend.<\/p>\n<p>Am Schluss unserer Reise fuhren wir ins Sajangebirge. Da gingen wir zu Fu\u00df \u00fcber mehrere Tage zu den Schumak-Qullen, die nicht nur heiliges Wasser zum trinken, sondern auch Radon zum Baden beinhalten. Es gibt dort nur ein paar kleine H\u00fctten, ansonsten muss jeder den langen Fu\u00dfmarsch auf sich nehmen. Aber dadurch ist es so idyllisch.<\/p>\n","protected":false},"excerpt":{"rendered":"<p>Diashow Im Sommer 2004 nahmen unsere Freunde Katja und J\u00f6rg uns mit zum Baikalsee in Sibirien. Dort radelten wir an der Ostk\u00fcste von Ulan Ude bis nach Ust Barguzin. Von da nahmen uns ein paar Russen mit auf die Abfahrt &hellip; <a href=\"https:\/\/teamll-groenland.de\/?page_id=361\">Weiterlesen <span class=\"meta-nav\">&rarr;<\/span><\/a><\/p>\n","protected":false},"author":1,"featured_media":0,"parent":22,"menu_order":0,"comment_status":"closed","ping_status":"closed","template":"","meta":{"ngg_post_thumbnail":0,"footnotes":""},"class_list":["post-361","page","type-page","status-publish","hentry"],"_links":{"self":[{"href":"https:\/\/teamll-groenland.de\/index.php?rest_route=\/wp\/v2\/pages\/361","targetHints":{"allow":["GET"]}}],"collection":[{"href":"https:\/\/teamll-groenland.de\/index.php?rest_route=\/wp\/v2\/pages"}],"about":[{"href":"https:\/\/teamll-groenland.de\/index.php?rest_route=\/wp\/v2\/types\/page"}],"author":[{"embeddable":true,"href":"https:\/\/teamll-groenland.de\/index.php?rest_route=\/wp\/v2\/users\/1"}],"replies":[{"embeddable":true,"href":"https:\/\/teamll-groenland.de\/index.php?rest_route=%2Fwp%2Fv2%2Fcomments&post=361"}],"version-history":[{"count":6,"href":"https:\/\/teamll-groenland.de\/index.php?rest_route=\/wp\/v2\/pages\/361\/revisions"}],"predecessor-version":[{"id":1173,"href":"https:\/\/teamll-groenland.de\/index.php?rest_route=\/wp\/v2\/pages\/361\/revisions\/1173"}],"up":[{"embeddable":true,"href":"https:\/\/teamll-groenland.de\/index.php?rest_route=\/wp\/v2\/pages\/22"}],"wp:attachment":[{"href":"https:\/\/teamll-groenland.de\/index.php?rest_route=%2Fwp%2Fv2%2Fmedia&parent=361"}],"curies":[{"name":"wp","href":"https:\/\/api.w.org\/{rel}","templated":true}]}}