{"id":339,"date":"2013-01-17T22:28:28","date_gmt":"2013-01-17T21:28:28","guid":{"rendered":"http:\/\/teamll-groenland.de\/?page_id=339"},"modified":"2025-11-11T00:46:37","modified_gmt":"2025-11-10T23:46:37","slug":"island-2002","status":"publish","type":"page","link":"https:\/\/teamll-groenland.de\/?page_id=339","title":{"rendered":"Island 2002"},"content":{"rendered":"<p><span style=\"color: #ff0000;\"><strong><span style=\"text-decoration: underline;\"><a href=\"http:\/\/teamll-groenland.de\/?page_id=344\"><span style=\"color: #ff0000; text-decoration: underline;\">Diashow<\/span><\/a><\/span><\/strong><\/span><\/p>\n<p>2002 unternahmen wir unsere erste gro\u00dfe Reise zu zweit in die weite Welt. Wir fuhren beide gerne Fahrrad und waren gerne drau\u00dfen. Und Tine machte gerade Ihr Studium in Geologie. Da war Island das perfekte Reiseziel. Allerdings fehlte uns da manchmal noch ein wenig die Erfahrung, sowohl mit dem Material als auch mit dem Essen. Dem zufolge war ab und zu mal Funkstille zwischen uns oder wir fuhren mit 100m Sicherheitsabstand. Doch sp\u00e4testens im Zelt wenn wir gem\u00fctlich im Schlafsack lagen und die Vulkanlandschaften, die Eislandschaften oder die Wasserf\u00e4lle genossen war alleswieder gut. Wir lernten auch den Genuss der hei\u00dfen Quellen kennen und beschlossen dann jeden Urlaub danach auszuw\u00e4hlen.<\/p>\n","protected":false},"excerpt":{"rendered":"<p>Diashow 2002 unternahmen wir unsere erste gro\u00dfe Reise zu zweit in die weite Welt. Wir fuhren beide gerne Fahrrad und waren gerne drau\u00dfen. Und Tine machte gerade Ihr Studium in Geologie. Da war Island das perfekte Reiseziel. Allerdings fehlte uns &hellip; <a href=\"https:\/\/teamll-groenland.de\/?page_id=339\">Weiterlesen <span class=\"meta-nav\">&rarr;<\/span><\/a><\/p>\n","protected":false},"author":1,"featured_media":0,"parent":22,"menu_order":0,"comment_status":"closed","ping_status":"closed","template":"","meta":{"ngg_post_thumbnail":0,"footnotes":""},"class_list":["post-339","page","type-page","status-publish","hentry"],"_links":{"self":[{"href":"https:\/\/teamll-groenland.de\/index.php?rest_route=\/wp\/v2\/pages\/339","targetHints":{"allow":["GET"]}}],"collection":[{"href":"https:\/\/teamll-groenland.de\/index.php?rest_route=\/wp\/v2\/pages"}],"about":[{"href":"https:\/\/teamll-groenland.de\/index.php?rest_route=\/wp\/v2\/types\/page"}],"author":[{"embeddable":true,"href":"https:\/\/teamll-groenland.de\/index.php?rest_route=\/wp\/v2\/users\/1"}],"replies":[{"embeddable":true,"href":"https:\/\/teamll-groenland.de\/index.php?rest_route=%2Fwp%2Fv2%2Fcomments&post=339"}],"version-history":[{"count":5,"href":"https:\/\/teamll-groenland.de\/index.php?rest_route=\/wp\/v2\/pages\/339\/revisions"}],"predecessor-version":[{"id":606,"href":"https:\/\/teamll-groenland.de\/index.php?rest_route=\/wp\/v2\/pages\/339\/revisions\/606"}],"up":[{"embeddable":true,"href":"https:\/\/teamll-groenland.de\/index.php?rest_route=\/wp\/v2\/pages\/22"}],"wp:attachment":[{"href":"https:\/\/teamll-groenland.de\/index.php?rest_route=%2Fwp%2Fv2%2Fmedia&parent=339"}],"curies":[{"name":"wp","href":"https:\/\/api.w.org\/{rel}","templated":true}]}}