{"id":306,"date":"2013-01-17T21:45:54","date_gmt":"2013-01-17T20:45:54","guid":{"rendered":"http:\/\/teamll-groenland.de\/?page_id=306"},"modified":"2025-11-11T00:32:18","modified_gmt":"2025-11-10T23:32:18","slug":"berge","status":"publish","type":"page","link":"https:\/\/teamll-groenland.de\/?page_id=306","title":{"rendered":"Berge"},"content":{"rendered":"<p><span style=\"color: #ff0000;\"><strong><span style=\"text-decoration: underline;\"><a href=\"http:\/\/teamll-groenland.de\/?page_id=310\"><span style=\"color: #ff0000; text-decoration: underline;\">Diashow<\/span><\/a><\/span><\/strong><\/span><\/p>\n<p>Wir gehen leidenschaftlich gerne in die Berge, weil es da nicht nur sehr sch\u00f6n ist, sondern auch seinen Reiz hat. Man darf nur nicht vergessen, sich selbst zu \u00fcbersch\u00e4tzen, das ist nicht immer so leicht, doch die gro\u00dfe Kunst.<\/p>\n<p>Das wir das Gl\u00fcck haben die Faszination der Berge auf unterschiedliche Art und Weise kennen zu lernen bzw. sie besteigen zu k\u00f6nnen, verdanken wir unseren Eltern.<\/p>\n<p>Viele Berge haben wir schon gesehen, aber im s\u00e4chsischen Sandstein ist es doch am sch\u00f6nsten.<\/p>\n","protected":false},"excerpt":{"rendered":"<p>Diashow Wir gehen leidenschaftlich gerne in die Berge, weil es da nicht nur sehr sch\u00f6n ist, sondern auch seinen Reiz hat. Man darf nur nicht vergessen, sich selbst zu \u00fcbersch\u00e4tzen, das ist nicht immer so leicht, doch die gro\u00dfe Kunst. &hellip; <a href=\"https:\/\/teamll-groenland.de\/?page_id=306\">Weiterlesen <span class=\"meta-nav\">&rarr;<\/span><\/a><\/p>\n","protected":false},"author":1,"featured_media":0,"parent":22,"menu_order":0,"comment_status":"closed","ping_status":"closed","template":"","meta":{"ngg_post_thumbnail":0,"footnotes":""},"class_list":["post-306","page","type-page","status-publish","hentry"],"_links":{"self":[{"href":"https:\/\/teamll-groenland.de\/index.php?rest_route=\/wp\/v2\/pages\/306","targetHints":{"allow":["GET"]}}],"collection":[{"href":"https:\/\/teamll-groenland.de\/index.php?rest_route=\/wp\/v2\/pages"}],"about":[{"href":"https:\/\/teamll-groenland.de\/index.php?rest_route=\/wp\/v2\/types\/page"}],"author":[{"embeddable":true,"href":"https:\/\/teamll-groenland.de\/index.php?rest_route=\/wp\/v2\/users\/1"}],"replies":[{"embeddable":true,"href":"https:\/\/teamll-groenland.de\/index.php?rest_route=%2Fwp%2Fv2%2Fcomments&post=306"}],"version-history":[{"count":6,"href":"https:\/\/teamll-groenland.de\/index.php?rest_route=\/wp\/v2\/pages\/306\/revisions"}],"predecessor-version":[{"id":1175,"href":"https:\/\/teamll-groenland.de\/index.php?rest_route=\/wp\/v2\/pages\/306\/revisions\/1175"}],"up":[{"embeddable":true,"href":"https:\/\/teamll-groenland.de\/index.php?rest_route=\/wp\/v2\/pages\/22"}],"wp:attachment":[{"href":"https:\/\/teamll-groenland.de\/index.php?rest_route=%2Fwp%2Fv2%2Fmedia&parent=306"}],"curies":[{"name":"wp","href":"https:\/\/api.w.org\/{rel}","templated":true}]}}