{"id":259,"date":"2013-01-17T19:20:39","date_gmt":"2013-01-17T18:20:39","guid":{"rendered":"http:\/\/teamll-groenland.de\/?page_id=259"},"modified":"2025-11-11T00:46:37","modified_gmt":"2025-11-10T23:46:37","slug":"skidurchquerung-in-den-rocky-mountains","status":"publish","type":"page","link":"https:\/\/teamll-groenland.de\/?page_id=259","title":{"rendered":"Skidurchquerung in den Rocky Mountains 2010"},"content":{"rendered":"<h1><strong><span style=\"text-decoration: underline;\"><span style=\"color: #ff0000;\"><a href=\"http:\/\/teamll-groenland.de\/?page_id=269\"><span style=\"color: #ff0000; text-decoration: underline;\">Diashow<\/span><\/a><\/span><\/span><\/strong><\/h1>\n<h1>Auf Pumas Powderspuren.<\/h1>\n<p>Im Fr\u00fchjahr 2010 machten wir einen kleinen &#8222;Familienausflug\u201c mit Schwiegervater und Schwager nach Idaho in den USA. Dort durchquerten wir eine wundersch\u00f6ne und einsame Landschaft in einem wenig bekannten Teil der Rockies.<\/p>\n<p>Die B\u00e4ren schliefen noch, aber Pumas und W\u00f6lfe waren an unserer Seite. Fr\u00fch am Morgen, wenn das Thermometer im Zelt noch bei -25\u00b0C stand oder alles zugeschneit war, fiel es uns nicht ganz leicht, aus dem Schlafsack zu kriechen. Doch sp\u00e4testens bei der n\u00e4chsten Powderabfahrt war alles vergessen. Und wenn wir mal an einer Stra\u00dfe waren, wurden wir nicht nur mitgenommen, sondern gleich zu Hause eingeladen.<\/p>\n<p>Au\u00dferdem besuchten wir dort unsere Freunde Rachel und Patrick, die wir 2007in Tibet kennen lernten. Die k\u00fcmmerten sich so r\u00fchrend um uns, dass wir am anderen Ende der Durchquerung von Freunden empfangen und bewirtet wurden.<\/p>\n","protected":false},"excerpt":{"rendered":"<p>Diashow Auf Pumas Powderspuren. Im Fr\u00fchjahr 2010 machten wir einen kleinen &#8222;Familienausflug\u201c mit Schwiegervater und Schwager nach Idaho in den USA. Dort durchquerten wir eine wundersch\u00f6ne und einsame Landschaft in einem wenig bekannten Teil der Rockies. Die B\u00e4ren schliefen noch, &hellip; <a href=\"https:\/\/teamll-groenland.de\/?page_id=259\">Weiterlesen <span class=\"meta-nav\">&rarr;<\/span><\/a><\/p>\n","protected":false},"author":1,"featured_media":0,"parent":22,"menu_order":0,"comment_status":"closed","ping_status":"closed","template":"","meta":{"ngg_post_thumbnail":0,"footnotes":""},"class_list":["post-259","page","type-page","status-publish","hentry"],"_links":{"self":[{"href":"https:\/\/teamll-groenland.de\/index.php?rest_route=\/wp\/v2\/pages\/259","targetHints":{"allow":["GET"]}}],"collection":[{"href":"https:\/\/teamll-groenland.de\/index.php?rest_route=\/wp\/v2\/pages"}],"about":[{"href":"https:\/\/teamll-groenland.de\/index.php?rest_route=\/wp\/v2\/types\/page"}],"author":[{"embeddable":true,"href":"https:\/\/teamll-groenland.de\/index.php?rest_route=\/wp\/v2\/users\/1"}],"replies":[{"embeddable":true,"href":"https:\/\/teamll-groenland.de\/index.php?rest_route=%2Fwp%2Fv2%2Fcomments&post=259"}],"version-history":[{"count":5,"href":"https:\/\/teamll-groenland.de\/index.php?rest_route=\/wp\/v2\/pages\/259\/revisions"}],"predecessor-version":[{"id":1180,"href":"https:\/\/teamll-groenland.de\/index.php?rest_route=\/wp\/v2\/pages\/259\/revisions\/1180"}],"up":[{"embeddable":true,"href":"https:\/\/teamll-groenland.de\/index.php?rest_route=\/wp\/v2\/pages\/22"}],"wp:attachment":[{"href":"https:\/\/teamll-groenland.de\/index.php?rest_route=%2Fwp%2Fv2%2Fmedia&parent=259"}],"curies":[{"name":"wp","href":"https:\/\/api.w.org\/{rel}","templated":true}]}}