{"id":218,"date":"2013-01-14T18:53:21","date_gmt":"2013-01-14T17:53:21","guid":{"rendered":"http:\/\/teamll-groenland.de\/?page_id=218"},"modified":"2025-11-11T00:32:18","modified_gmt":"2025-11-10T23:32:18","slug":"alti-plano-auf-inka-und-lamaspuren","status":"publish","type":"page","link":"https:\/\/teamll-groenland.de\/?page_id=218","title":{"rendered":"Alti Plano &#8211; Auf Inka und Lamaspuren 2011"},"content":{"rendered":"<p><strong><span style=\"text-decoration: underline;\"><span style=\"color: #ff0000; text-decoration: underline;\"><a href=\"http:\/\/teamll-groenland.de\/?page_id=222\"><span style=\"color: #ff0000; text-decoration: underline;\">Diashow<\/span><\/a><\/span><\/span><\/strong><\/p>\n<p>Im Sommer 2011 radelten wir mit unseren Drahteseln durch die Anden. Die Reise f\u00fchrte uns durch abgelegene Gegenden Perus und Boliviens wo uns oft die Indios aus der \u201ePatsche\u201c halfen. \u00dcber das quirlige La Paz ging es in einsame Regionen des Bergregenwaldes bevor wir \u00fcber den gr\u00f6\u00dften Salzsee der Erde radelten und uns auf die ruppige Piste der Lagunen-Route in den S\u00fcdwesten Boliviens mit seinem rauen Klima und einzigartigen Natur begaben. Dort bestiegen wir den aktiven Vulkan Ollague, der nicht ganz die 6000m hoch ist, aber daf\u00fcr sehr einsam.<\/p>\n","protected":false},"excerpt":{"rendered":"<p>Diashow Im Sommer 2011 radelten wir mit unseren Drahteseln durch die Anden. Die Reise f\u00fchrte uns durch abgelegene Gegenden Perus und Boliviens wo uns oft die Indios aus der \u201ePatsche\u201c halfen. \u00dcber das quirlige La Paz ging es in einsame &hellip; <a href=\"https:\/\/teamll-groenland.de\/?page_id=218\">Weiterlesen <span class=\"meta-nav\">&rarr;<\/span><\/a><\/p>\n","protected":false},"author":1,"featured_media":0,"parent":22,"menu_order":0,"comment_status":"closed","ping_status":"closed","template":"","meta":{"ngg_post_thumbnail":0,"footnotes":""},"class_list":["post-218","page","type-page","status-publish","hentry"],"_links":{"self":[{"href":"https:\/\/teamll-groenland.de\/index.php?rest_route=\/wp\/v2\/pages\/218","targetHints":{"allow":["GET"]}}],"collection":[{"href":"https:\/\/teamll-groenland.de\/index.php?rest_route=\/wp\/v2\/pages"}],"about":[{"href":"https:\/\/teamll-groenland.de\/index.php?rest_route=\/wp\/v2\/types\/page"}],"author":[{"embeddable":true,"href":"https:\/\/teamll-groenland.de\/index.php?rest_route=\/wp\/v2\/users\/1"}],"replies":[{"embeddable":true,"href":"https:\/\/teamll-groenland.de\/index.php?rest_route=%2Fwp%2Fv2%2Fcomments&post=218"}],"version-history":[{"count":5,"href":"https:\/\/teamll-groenland.de\/index.php?rest_route=\/wp\/v2\/pages\/218\/revisions"}],"predecessor-version":[{"id":443,"href":"https:\/\/teamll-groenland.de\/index.php?rest_route=\/wp\/v2\/pages\/218\/revisions\/443"}],"up":[{"embeddable":true,"href":"https:\/\/teamll-groenland.de\/index.php?rest_route=\/wp\/v2\/pages\/22"}],"wp:attachment":[{"href":"https:\/\/teamll-groenland.de\/index.php?rest_route=%2Fwp%2Fv2%2Fmedia&parent=218"}],"curies":[{"name":"wp","href":"https:\/\/api.w.org\/{rel}","templated":true}]}}