{"id":20,"date":"2013-01-12T12:56:39","date_gmt":"2013-01-12T11:56:39","guid":{"rendered":"http:\/\/teamll-groenland.de\/?page_id=20"},"modified":"2025-11-11T00:46:54","modified_gmt":"2025-11-10T23:46:54","slug":"vortrage","status":"publish","type":"page","link":"https:\/\/teamll-groenland.de\/?page_id=20","title":{"rendered":"Vortr\u00e4ge"},"content":{"rendered":"<h2><strong><span style=\"color: #0000ff;\">Von vielen unserer Reisen haben wir einen Vortrag zusammengestellt &#8211; Dauer zwischen ca. 1 und 1,5 Stunde.<\/span><\/strong><\/h2>\n<p><span style=\"color: #0000ff;\"><strong>Wenn Ihr einen Vortragstermin vereinbaren wollt, k\u00f6nnt Ihr gern Kontakt zu uns aufnehmen!<\/strong><\/span><\/p>\n<p><span style=\"color: #800000;\"><em><strong>Die Einnahmen aus unseren Vortr\u00e4gen spenden wir an ausgew\u00e4hlte, uns bekannte Hilfsprojekte (siehe Links)!<\/strong><\/em><\/span><\/p>\n","protected":false},"excerpt":{"rendered":"<p>Von vielen unserer Reisen haben wir einen Vortrag zusammengestellt &#8211; Dauer zwischen ca. 1 und 1,5 Stunde. Wenn Ihr einen Vortragstermin vereinbaren wollt, k\u00f6nnt Ihr gern Kontakt zu uns aufnehmen! Die Einnahmen aus unseren Vortr\u00e4gen spenden wir an ausgew\u00e4hlte, uns &hellip; <a href=\"https:\/\/teamll-groenland.de\/?page_id=20\">Weiterlesen <span class=\"meta-nav\">&rarr;<\/span><\/a><\/p>\n","protected":false},"author":1,"featured_media":0,"parent":0,"menu_order":0,"comment_status":"closed","ping_status":"closed","template":"","meta":{"ngg_post_thumbnail":0,"footnotes":""},"class_list":["post-20","page","type-page","status-publish","hentry"],"_links":{"self":[{"href":"https:\/\/teamll-groenland.de\/index.php?rest_route=\/wp\/v2\/pages\/20","targetHints":{"allow":["GET"]}}],"collection":[{"href":"https:\/\/teamll-groenland.de\/index.php?rest_route=\/wp\/v2\/pages"}],"about":[{"href":"https:\/\/teamll-groenland.de\/index.php?rest_route=\/wp\/v2\/types\/page"}],"author":[{"embeddable":true,"href":"https:\/\/teamll-groenland.de\/index.php?rest_route=\/wp\/v2\/users\/1"}],"replies":[{"embeddable":true,"href":"https:\/\/teamll-groenland.de\/index.php?rest_route=%2Fwp%2Fv2%2Fcomments&post=20"}],"version-history":[{"count":76,"href":"https:\/\/teamll-groenland.de\/index.php?rest_route=\/wp\/v2\/pages\/20\/revisions"}],"predecessor-version":[{"id":950,"href":"https:\/\/teamll-groenland.de\/index.php?rest_route=\/wp\/v2\/pages\/20\/revisions\/950"}],"wp:attachment":[{"href":"https:\/\/teamll-groenland.de\/index.php?rest_route=%2Fwp%2Fv2%2Fmedia&parent=20"}],"curies":[{"name":"wp","href":"https:\/\/api.w.org\/{rel}","templated":true}]}}