{"id":1124,"date":"2022-11-02T19:31:50","date_gmt":"2022-11-02T18:31:50","guid":{"rendered":"http:\/\/teamll-groenland.de\/?page_id=1124"},"modified":"2025-11-11T00:46:37","modified_gmt":"2025-11-10T23:46:37","slug":"israel","status":"publish","type":"page","link":"https:\/\/teamll-groenland.de\/?page_id=1124","title":{"rendered":"Israel"},"content":{"rendered":"\n<p>Im Herbst 2019 radelten wir durch das landschaftlich sch\u00f6ne Israel und das Westjordanland, dabei lernten wir die Gastfreundschaft der Pal\u00e4stinenser und Juden kennen. Beide V\u00f6lker sind sehr herzlich, doch leider mussten wir auch feststellen das es durch die Vorteile  vereinzelte Menschen sehr schwierig ist Frieden zwischen Pal\u00e4stina und Israel zu schaffen.<\/p>\n\n\n\n<p class=\"has-medium-font-size\"><a href=\"http:\/\/teamll-groenland.de\/?page_id=1141\" data-type=\"URL\" data-id=\"http:\/\/teamll-groenland.de\/?page_id=1141\"><strong><span style=\"text-decoration: underline;\">Diashow Israel<\/span><\/strong><\/a><\/p>\n\n\n","protected":false},"excerpt":{"rendered":"<p>Im Herbst 2019 radelten wir durch das landschaftlich sch\u00f6ne Israel und das Westjordanland, dabei lernten wir die Gastfreundschaft der Pal\u00e4stinenser und Juden kennen. Beide V\u00f6lker sind sehr herzlich, doch leider mussten wir auch feststellen das es durch die Vorteile vereinzelte &hellip; <a href=\"https:\/\/teamll-groenland.de\/?page_id=1124\">Weiterlesen <span class=\"meta-nav\">&rarr;<\/span><\/a><\/p>\n","protected":false},"author":1,"featured_media":0,"parent":22,"menu_order":0,"comment_status":"closed","ping_status":"closed","template":"","meta":{"ngg_post_thumbnail":0,"footnotes":""},"class_list":["post-1124","page","type-page","status-publish","hentry"],"_links":{"self":[{"href":"https:\/\/teamll-groenland.de\/index.php?rest_route=\/wp\/v2\/pages\/1124","targetHints":{"allow":["GET"]}}],"collection":[{"href":"https:\/\/teamll-groenland.de\/index.php?rest_route=\/wp\/v2\/pages"}],"about":[{"href":"https:\/\/teamll-groenland.de\/index.php?rest_route=\/wp\/v2\/types\/page"}],"author":[{"embeddable":true,"href":"https:\/\/teamll-groenland.de\/index.php?rest_route=\/wp\/v2\/users\/1"}],"replies":[{"embeddable":true,"href":"https:\/\/teamll-groenland.de\/index.php?rest_route=%2Fwp%2Fv2%2Fcomments&post=1124"}],"version-history":[{"count":4,"href":"https:\/\/teamll-groenland.de\/index.php?rest_route=\/wp\/v2\/pages\/1124\/revisions"}],"predecessor-version":[{"id":1146,"href":"https:\/\/teamll-groenland.de\/index.php?rest_route=\/wp\/v2\/pages\/1124\/revisions\/1146"}],"up":[{"embeddable":true,"href":"https:\/\/teamll-groenland.de\/index.php?rest_route=\/wp\/v2\/pages\/22"}],"wp:attachment":[{"href":"https:\/\/teamll-groenland.de\/index.php?rest_route=%2Fwp%2Fv2%2Fmedia&parent=1124"}],"curies":[{"name":"wp","href":"https:\/\/api.w.org\/{rel}","templated":true}]}}